{"id":32,"date":"2019-01-14T23:50:29","date_gmt":"2019-01-14T22:50:29","guid":{"rendered":"http:\/\/arborealkey.com\/?page_id=32"},"modified":"2024-02-23T13:06:34","modified_gmt":"2024-02-23T12:06:34","slug":"commissions","status":"publish","type":"page","link":"https:\/\/arborealkey.com\/fr\/commissions\/","title":{"rendered":"Commissions"},"content":{"rendered":"<p>Besoin de costumes, accessoires, d\u00e9cors, kits presse, ou n'importe quel autre objet? Nous pouvons travailler \u00e0 partir d\"images de r\u00e9f\u00e9rence, ou cr\u00e9er un design sp\u00e9cialement pour vous. Nous pouvons aussi intervenir sur votre \u00e9v\u00e8nement pour des animations en costume. Mon portfolio est consultable <a href=\"https:\/\/drive.google.com\/file\/d\/1i1C9Wm1fLrxYXkBNe6yf3bF4qu63SSui\/view?usp=drive_link\">ici<\/a>.<\/p>\n\n\n\n<ul class=\"wp-block-list\">\n<li><strong>Costumes et accessoires<\/strong><\/li>\n\n\n\n<li><strong>Troph\u00e9es<\/strong><\/li>\n\n\n\n<li><strong>Designs originaux<\/strong><\/li>\n\n\n\n<li><strong>Accessoires sp\u00e9ciaux (ailes, queues articul\u00e9es...)<\/strong><\/li>\n\n\n\n<li><strong>Promo en cosplay<\/strong><\/li>\n\n\n\n<li><strong>S\u00e9ances photo et vid\u00e9o<\/strong><\/li>\n\n\n\n<li><strong>Making-of<\/strong><\/li>\n\n\n\n<li><strong>Et plus !<\/strong><\/li>\n<\/ul>\n\n\n<div class=\"wp-block-jetpack-contact-form is-layout-flex wp-container-jetpack-contact-form-is-layout-026b38f8 wp-block-jetpack-contact-form-is-layout-flex\"><a href=\"https:\/\/arborealkey.com\/fr\/commissions\/\" target=\"_blank\" rel=\"noopener noreferrer\">Soumettre un formulaire.<\/a><\/div>","protected":false},"excerpt":{"rendered":"<p>Do you need custom costumes, props, or accessories for your project? I can work with reference pictures or create custom designs to meet your requirements. I can also model costumes and portray your character at promotional events. You can take a look at my portfolio here.<\/p>","protected":false},"author":1,"featured_media":0,"parent":0,"menu_order":0,"comment_status":"closed","ping_status":"closed","template":"","meta":{"_acf_changed":false,"_themeisle_gutenberg_block_has_review":false,"jetpack_post_was_ever_published":true,"footnotes":"","_links_to":"","_links_to_target":""},"class_list":["post-32","page","type-page","status-publish","hentry"],"acf":[],"yoast_head":"<!-- This site is optimized with the Yoast SEO Premium plugin v23.8 (Yoast SEO v27.2) - https:\/\/yoast.com\/product\/yoast-seo-premium-wordpress\/ -->\n<title>Commissions - Arborealkey Costumes &amp; Props<\/title>\n<meta name=\"robots\" content=\"index, follow, max-snippet:-1, max-image-preview:large, max-video-preview:-1\" \/>\n<link rel=\"canonical\" href=\"https:\/\/arborealkey.com\/fr\/commissions\/\" \/>\n<meta property=\"og:locale\" content=\"fr_FR\" \/>\n<meta property=\"og:type\" content=\"article\" \/>\n<meta property=\"og:title\" content=\"Commissions\" \/>\n<meta property=\"og:description\" content=\"Do you need custom costumes, props, or accessories for your project? I can work with reference pictures or create custom designs to meet your requirements. I can also model costumes and portray your character at promotional events. You can take a look at my portfolio here.\" \/>\n<meta property=\"og:url\" content=\"https:\/\/arborealkey.com\/fr\/commissions\/\" \/>\n<meta property=\"og:site_name\" content=\"Arborealkey Costumes &amp; Props\" \/>\n<meta property=\"article:publisher\" content=\"https:\/\/www.facebook.com\/arborealkey\" \/>\n<meta property=\"article:modified_time\" content=\"2024-02-23T12:06:34+00:00\" \/>\n<meta name=\"twitter:card\" content=\"summary_large_image\" \/>\n<meta name=\"twitter:site\" content=\"@arborealkey\" \/>\n<script type=\"application\/ld+json\" class=\"yoast-schema-graph\">{\"@context\":\"https:\/\/schema.org\",\"@graph\":[{\"@type\":\"WebPage\",\"@id\":\"https:\/\/arborealkey.com\/fr\/commissions\/\",\"url\":\"https:\/\/arborealkey.com\/fr\/commissions\/\",\"name\":\"Commissions - Arborealkey Costumes &amp; Props\",\"isPartOf\":{\"@id\":\"https:\/\/arborealkey.com\/en\/#website\"},\"datePublished\":\"2019-01-14T22:50:29+00:00\",\"dateModified\":\"2024-02-23T12:06:34+00:00\",\"breadcrumb\":{\"@id\":\"https:\/\/arborealkey.com\/fr\/commissions\/#breadcrumb\"},\"inLanguage\":\"fr-FR\",\"potentialAction\":[{\"@type\":\"ReadAction\",\"target\":[\"https:\/\/arborealkey.com\/fr\/commissions\/\"]}]},{\"@type\":\"BreadcrumbList\",\"@id\":\"https:\/\/arborealkey.com\/fr\/commissions\/#breadcrumb\",\"itemListElement\":[{\"@type\":\"ListItem\",\"position\":1,\"name\":\"Home\",\"item\":\"https:\/\/arborealkey.com\/en\/\"},{\"@type\":\"ListItem\",\"position\":2,\"name\":\"Commissions\"}]},{\"@type\":\"WebSite\",\"@id\":\"https:\/\/arborealkey.com\/en\/#website\",\"url\":\"https:\/\/arborealkey.com\/en\/\",\"name\":\"ARBOREALKEY Costumes & Props\",\"description\":\"Costume and prop artist based in Marseille, France\",\"publisher\":{\"@id\":\"https:\/\/arborealkey.com\/en\/#organization\"},\"potentialAction\":[{\"@type\":\"SearchAction\",\"target\":{\"@type\":\"EntryPoint\",\"urlTemplate\":\"https:\/\/arborealkey.com\/en\/?s={search_term_string}\"},\"query-input\":{\"@type\":\"PropertyValueSpecification\",\"valueRequired\":true,\"valueName\":\"search_term_string\"}}],\"inLanguage\":\"fr-FR\"},{\"@type\":\"Organization\",\"@id\":\"https:\/\/arborealkey.com\/en\/#organization\",\"name\":\"ARBOREALKEY Costumes & Props\",\"url\":\"https:\/\/arborealkey.com\/en\/\",\"logo\":{\"@type\":\"ImageObject\",\"inLanguage\":\"fr-FR\",\"@id\":\"https:\/\/arborealkey.com\/en\/#\/schema\/logo\/image\/\",\"url\":\"https:\/\/i0.wp.com\/arborealkey.com\/wp-content\/uploads\/2020\/09\/cropped-cropped-logo_whitelight.png?fit=53%2C51&ssl=1\",\"contentUrl\":\"https:\/\/i0.wp.com\/arborealkey.com\/wp-content\/uploads\/2020\/09\/cropped-cropped-logo_whitelight.png?fit=53%2C51&ssl=1\",\"width\":53,\"height\":51,\"caption\":\"ARBOREALKEY Costumes & Props\"},\"image\":{\"@id\":\"https:\/\/arborealkey.com\/en\/#\/schema\/logo\/image\/\"},\"sameAs\":[\"https:\/\/www.facebook.com\/arborealkey\",\"https:\/\/x.com\/arborealkey\",\"https:\/\/www.instagram.com\/arborealkey\/\",\"https:\/\/www.tiktok.com\/@arborealkey\"]}]}<\/script>\n<!-- \/ Yoast SEO Premium plugin. -->","yoast_head_json":{"title":"Commissions - Arborealkey Costumes &amp; Props","robots":{"index":"index","follow":"follow","max-snippet":"max-snippet:-1","max-image-preview":"max-image-preview:large","max-video-preview":"max-video-preview:-1"},"canonical":"https:\/\/arborealkey.com\/fr\/commissions\/","og_locale":"fr_FR","og_type":"article","og_title":"Commissions","og_description":"Do you need custom costumes, props, or accessories for your project? I can work with reference pictures or create custom designs to meet your requirements. I can also model costumes and portray your character at promotional events. You can take a look at my portfolio here.","og_url":"https:\/\/arborealkey.com\/fr\/commissions\/","og_site_name":"Arborealkey Costumes &amp; Props","article_publisher":"https:\/\/www.facebook.com\/arborealkey","article_modified_time":"2024-02-23T12:06:34+00:00","twitter_card":"summary_large_image","twitter_site":"@arborealkey","schema":{"@context":"https:\/\/schema.org","@graph":[{"@type":"WebPage","@id":"https:\/\/arborealkey.com\/fr\/commissions\/","url":"https:\/\/arborealkey.com\/fr\/commissions\/","name":"Commissions - Arborealkey Costumes &amp; Props","isPartOf":{"@id":"https:\/\/arborealkey.com\/en\/#website"},"datePublished":"2019-01-14T22:50:29+00:00","dateModified":"2024-02-23T12:06:34+00:00","breadcrumb":{"@id":"https:\/\/arborealkey.com\/fr\/commissions\/#breadcrumb"},"inLanguage":"fr-FR","potentialAction":[{"@type":"ReadAction","target":["https:\/\/arborealkey.com\/fr\/commissions\/"]}]},{"@type":"BreadcrumbList","@id":"https:\/\/arborealkey.com\/fr\/commissions\/#breadcrumb","itemListElement":[{"@type":"ListItem","position":1,"name":"Home","item":"https:\/\/arborealkey.com\/en\/"},{"@type":"ListItem","position":2,"name":"Commissions"}]},{"@type":"WebSite","@id":"https:\/\/arborealkey.com\/en\/#website","url":"https:\/\/arborealkey.com\/en\/","name":"ARBOREALKEY Costumes & Props","description":"Fabrication de costumes et accessoires \u00e0 Marseille, Cannes, et o\u00f9 vous voulez","publisher":{"@id":"https:\/\/arborealkey.com\/en\/#organization"},"potentialAction":[{"@type":"SearchAction","target":{"@type":"EntryPoint","urlTemplate":"https:\/\/arborealkey.com\/en\/?s={search_term_string}"},"query-input":{"@type":"PropertyValueSpecification","valueRequired":true,"valueName":"search_term_string"}}],"inLanguage":"fr-FR"},{"@type":"Organization","@id":"https:\/\/arborealkey.com\/en\/#organization","name":"ARBOREALKEY Costumes & Props","url":"https:\/\/arborealkey.com\/en\/","logo":{"@type":"ImageObject","inLanguage":"fr-FR","@id":"https:\/\/arborealkey.com\/en\/#\/schema\/logo\/image\/","url":"https:\/\/i0.wp.com\/arborealkey.com\/wp-content\/uploads\/2020\/09\/cropped-cropped-logo_whitelight.png?fit=53%2C51&ssl=1","contentUrl":"https:\/\/i0.wp.com\/arborealkey.com\/wp-content\/uploads\/2020\/09\/cropped-cropped-logo_whitelight.png?fit=53%2C51&ssl=1","width":53,"height":51,"caption":"ARBOREALKEY Costumes & Props"},"image":{"@id":"https:\/\/arborealkey.com\/en\/#\/schema\/logo\/image\/"},"sameAs":["https:\/\/www.facebook.com\/arborealkey","https:\/\/x.com\/arborealkey","https:\/\/www.instagram.com\/arborealkey\/","https:\/\/www.tiktok.com\/@arborealkey"]}]}},"jetpack_sharing_enabled":true,"jetpack_shortlink":"https:\/\/wp.me\/PaIfgz-w","_links":{"self":[{"href":"https:\/\/arborealkey.com\/fr\/wp-json\/wp\/v2\/pages\/32","targetHints":{"allow":["GET"]}}],"collection":[{"href":"https:\/\/arborealkey.com\/fr\/wp-json\/wp\/v2\/pages"}],"about":[{"href":"https:\/\/arborealkey.com\/fr\/wp-json\/wp\/v2\/types\/page"}],"author":[{"embeddable":true,"href":"https:\/\/arborealkey.com\/fr\/wp-json\/wp\/v2\/users\/1"}],"replies":[{"embeddable":true,"href":"https:\/\/arborealkey.com\/fr\/wp-json\/wp\/v2\/comments?post=32"}],"version-history":[{"count":17,"href":"https:\/\/arborealkey.com\/fr\/wp-json\/wp\/v2\/pages\/32\/revisions"}],"predecessor-version":[{"id":2947,"href":"https:\/\/arborealkey.com\/fr\/wp-json\/wp\/v2\/pages\/32\/revisions\/2947"}],"wp:attachment":[{"href":"https:\/\/arborealkey.com\/fr\/wp-json\/wp\/v2\/media?parent=32"}],"curies":[{"name":"wp","href":"https:\/\/api.w.org\/{rel}","templated":true}]}}